{"id":7875,"date":"2022-07-17T20:21:22","date_gmt":"2022-07-17T20:21:22","guid":{"rendered":"http:\/\/viraltimes.climateactionchildhood.net\/?page_id=7875"},"modified":"2022-07-17T20:37:00","modified_gmt":"2022-07-17T20:37:00","slug":"escuela-anfitriona","status":"publish","type":"page","link":"https:\/\/viraltimes.climateactionchildhood.net\/index.php\/es\/escuela-anfitriona\/","title":{"rendered":"Escuela Anfitriona"},"content":{"rendered":"\n<div style=\"height:61px\" aria-hidden=\"true\" class=\"wp-block-spacer\"><\/div>\n\n\n\n<div class=\"wp-block-columns is-layout-flex wp-container-core-columns-is-layout-28f84493 wp-block-columns-is-layout-flex\">\n<div class=\"wp-block-column is-layout-flow wp-block-column-is-layout-flow\">\n<div class=\"wp-block-columns is-layout-flex wp-container-core-columns-is-layout-28f84493 wp-block-columns-is-layout-flex\">\n<div class=\"wp-block-column is-layout-flow wp-block-column-is-layout-flow\" style=\"flex-basis:33.33%\"><\/div>\n\n\n\n<div class=\"wp-block-column is-layout-flow wp-block-column-is-layout-flow\" style=\"flex-basis:66.66%\"><h5 class=\"fonts-plugin-block \" style=\"font-family: times new roman;font-size: 21px;line-height: 1;text-align: right\"><strong>En los Andes ecuatorianos, ubicada en la ciudad de Cuenca\u00a0 se encuentra la Unidad Educativa Santana. Desde hace 37 a\u00f1os, Santana ha puesto su intenci\u00f3n pedag\u00f3gica en crear una educaci\u00f3n que abra espacios a la diversidad, la singularidad y los m\u00faltiples lenguajes.<\/strong><\/h5><\/div>\n<\/div>\n\n\n<h5 class=\"fonts-plugin-block \" style=\"font-family: times new roman;font-size: 21px;line-height: 1.2;text-align: right\">A las faldas del Cabogana, en el campus Ciudad de los Ni\u00f1os, desde el 2017, se ha venido experimentando con pedagog\u00edas de mundos comunes, ampliando los marcos exclusivamente humanos, culturales o sociales, y reconociendo al lugar como un espacio vivo y generativo, comprendiendo las relaciones \u00a0de los ni\u00f1os con el lugar como mutuamente formativas.<\/h5>\n\n\n<div class=\"wp-block-columns is-layout-flex wp-container-core-columns-is-layout-28f84493 wp-block-columns-is-layout-flex\">\n<div class=\"wp-block-column is-layout-flow wp-block-column-is-layout-flow\"><\/div>\n\n\n\n<div class=\"wp-block-column is-layout-flow wp-block-column-is-layout-flow\"><\/div>\n\n\n\n<div class=\"wp-block-column is-layout-flow wp-block-column-is-layout-flow\"><\/div>\n<\/div>\n<\/div>\n\n\n\n<div class=\"wp-block-column is-layout-flow wp-block-column-is-layout-flow\">\n<div style=\"height:70px\" aria-hidden=\"true\" class=\"wp-block-spacer\"><\/div>\n\n\n\n<div class=\"wp-block-columns is-layout-flex wp-container-core-columns-is-layout-28f84493 wp-block-columns-is-layout-flex\">\n<div class=\"wp-block-column is-layout-flow wp-block-column-is-layout-flow\" style=\"flex-basis:66.66%\">\n<figure class=\"wp-block-image size-full is-resized\"><a href=\"http:\/\/santana.edu.ec\" target=\"_blank\" rel=\"noreferrer noopener\"><img loading=\"lazy\" decoding=\"async\" src=\"https:\/\/viraltimes.climateactionchildhood.net\/wp-content\/uploads\/sites\/16\/2022\/07\/Santana_newLogo-2.png\" alt=\"\" class=\"wp-image-7876\" width=\"195\" height=\"115\" srcset=\"https:\/\/viraltimes.climateactionchildhood.net\/wp-content\/uploads\/sites\/16\/2022\/07\/Santana_newLogo-2.png 800w, https:\/\/viraltimes.climateactionchildhood.net\/wp-content\/uploads\/sites\/16\/2022\/07\/Santana_newLogo-2-300x178.png 300w, https:\/\/viraltimes.climateactionchildhood.net\/wp-content\/uploads\/sites\/16\/2022\/07\/Santana_newLogo-2-768x456.png 768w, https:\/\/viraltimes.climateactionchildhood.net\/wp-content\/uploads\/sites\/16\/2022\/07\/Santana_newLogo-2-500x297.png 500w\" sizes=\"auto, (max-width: 195px) 100vw, 195px\" \/><\/a><\/figure>\n<\/div>\n\n\n\n<div class=\"wp-block-column is-layout-flow wp-block-column-is-layout-flow\" style=\"flex-basis:33.33%\"><\/div>\n<\/div>\n\n\n<h5 class=\"fonts-plugin-block \" style=\"font-family: consolas;font-size: 18px;line-height: 1.5\">Durante la Pandemia de COVID-19, el Nivel Incial sinti\u00f3 la necesidad urgente de identificar respuestas creativas y espec\u00edficas del lugar, para apoyar formas de vivir que sean transformadoras y aporten a la creaci\u00f3n de nuevos mundos. Es as\u00ed, que tomando en serio la propuesta de los ni\u00f1os de poder encontrarse; y relacion\u00e1ndose con las dificultades que el virus presenta, se pone en marcha el Proyecto de la Escuela Itinerante.<br><br>Mediante un di\u00e1logo colectivo, junto con el apoyo de 60 familias, la escuela se translada a los jardines de 10 hogares localizados en distintos barrios de la ciudad, y 20 educadoras toman la oportunidad que nos presenta la pandemia de experimentar una escuela diferente.<br><br><a href=\"http:\/\/santana.edu.ec\/ninos-programas\/\" target=\"_blank\" rel=\"noreferrer noopener\">Visite la p\u00e1gina de proyectos en el sitio web de la escuela.<\/a><\/h5><\/div>\n<\/div>\n","protected":false},"excerpt":{"rendered":"","protected":false},"author":2,"featured_media":0,"parent":0,"menu_order":0,"comment_status":"closed","ping_status":"closed","template":"","meta":{"_monsterinsights_skip_tracking":false,"_monsterinsights_sitenote_active":false,"_monsterinsights_sitenote_note":"","_monsterinsights_sitenote_category":0,"_vp_format_video_url":"","_vp_image_focal_point":[],"footnotes":""},"class_list":["post-7875","page","type-page","status-publish","hentry"],"_links":{"self":[{"href":"https:\/\/viraltimes.climateactionchildhood.net\/index.php\/wp-json\/wp\/v2\/pages\/7875","targetHints":{"allow":["GET"]}}],"collection":[{"href":"https:\/\/viraltimes.climateactionchildhood.net\/index.php\/wp-json\/wp\/v2\/pages"}],"about":[{"href":"https:\/\/viraltimes.climateactionchildhood.net\/index.php\/wp-json\/wp\/v2\/types\/page"}],"author":[{"embeddable":true,"href":"https:\/\/viraltimes.climateactionchildhood.net\/index.php\/wp-json\/wp\/v2\/users\/2"}],"replies":[{"embeddable":true,"href":"https:\/\/viraltimes.climateactionchildhood.net\/index.php\/wp-json\/wp\/v2\/comments?post=7875"}],"version-history":[{"count":10,"href":"https:\/\/viraltimes.climateactionchildhood.net\/index.php\/wp-json\/wp\/v2\/pages\/7875\/revisions"}],"predecessor-version":[{"id":7904,"href":"https:\/\/viraltimes.climateactionchildhood.net\/index.php\/wp-json\/wp\/v2\/pages\/7875\/revisions\/7904"}],"wp:attachment":[{"href":"https:\/\/viraltimes.climateactionchildhood.net\/index.php\/wp-json\/wp\/v2\/media?parent=7875"}],"curies":[{"name":"wp","href":"https:\/\/api.w.org\/{rel}","templated":true}]}}