{"id":7014,"date":"2022-05-09T16:58:47","date_gmt":"2022-05-09T16:58:47","guid":{"rendered":"http:\/\/viraltimes.climateactionchildhood.net\/?page_id=7014"},"modified":"2022-07-18T21:58:30","modified_gmt":"2022-07-18T21:58:30","slug":"diseno-y-arte","status":"publish","type":"page","link":"https:\/\/viraltimes.climateactionchildhood.net\/index.php\/es\/participantes\/diseno-y-arte\/","title":{"rendered":"Dise\u00f1o y Arte"},"content":{"rendered":"\n<div style=\"height:10px\" aria-hidden=\"true\" class=\"wp-block-spacer\"><\/div>\n\n\n\n<div style=\"height:21px\" aria-hidden=\"true\" class=\"wp-block-spacer\"><\/div>\n\n\n\n<div class=\"wp-block-columns is-layout-flex wp-container-core-columns-is-layout-28f84493 wp-block-columns-is-layout-flex\">\n<div class=\"wp-block-column is-layout-flow wp-block-column-is-layout-flow\" style=\"flex-basis:33.33%\"><\/div>\n\n\n\n<div class=\"wp-block-column is-layout-flow wp-block-column-is-layout-flow\" style=\"flex-basis:66.66%\">\n<div class=\"wp-block-columns is-layout-flex wp-container-core-columns-is-layout-28f84493 wp-block-columns-is-layout-flex\">\n<div class=\"wp-block-column is-layout-flow wp-block-column-is-layout-flow\"><h4 class=\"fonts-plugin-block \" style=\"font-family: consolas;font-size: 18px;line-height: 1.5\">En las p\u00e1ginas del jard\u00edn, puede encontrar un car\u00e1cter referido como \u2018<strong>punto de anticipaci\u00f3n<\/strong>\u2019 or anticipation point. Al hacer clic en \u00e9l, se revelar\u00e1 una imagen asociada con lo que nos referimos en nuestro trabajo como \u2018dibujos especulativos\u2019. Estos dibujos indican una propuesta de un processo que podr\u00eda haberse seguido o un evento que pudo haber ocurrido pero que no occurrio (ver introduccion <a href=\"https:\/\/viraltimes.climateactionchildhood.net\/index.php\/es\/jardines\/\">a los jardines<\/a>)<\/h4>\n\n\n<div style=\"height:18px\" aria-hidden=\"true\" class=\"wp-block-spacer\"><\/div>\n\n\n<div class=\"wp-block-image\">\n<figure class=\"aligncenter size-full is-resized\"><a href=\"https:\/\/viraltimes.climateactionchildhood.net\/wp-content\/uploads\/sites\/16\/2022\/05\/El-Tejar-Spec-03-scaled.jpg\" rel=\"wpdevart_lightbox\"><img loading=\"lazy\" decoding=\"async\" src=\"https:\/\/viraltimes.climateactionchildhood.net\/wp-content\/uploads\/sites\/16\/2022\/05\/Speculative_Sign.png\" alt=\"\" class=\"wp-image-7039\" width=\"208\" height=\"165\" srcset=\"https:\/\/viraltimes.climateactionchildhood.net\/wp-content\/uploads\/sites\/16\/2022\/05\/Speculative_Sign.png 621w, https:\/\/viraltimes.climateactionchildhood.net\/wp-content\/uploads\/sites\/16\/2022\/05\/Speculative_Sign-300x238.png 300w, https:\/\/viraltimes.climateactionchildhood.net\/wp-content\/uploads\/sites\/16\/2022\/05\/Speculative_Sign-500x397.png 500w\" sizes=\"auto, (max-width: 208px) 100vw, 208px\" \/><\/a><\/figure>\n<\/div><\/div>\n\n\n\n<div class=\"wp-block-column is-layout-flow wp-block-column-is-layout-flow\">\n<div style=\"height:121px\" aria-hidden=\"true\" class=\"wp-block-spacer\"><\/div>\n\n\n<h5 class=\"fonts-plugin-block \" style=\"font-size: 17px;line-height: 1\"><\/h5>\n\n\n<div class=\"wp-block-columns is-layout-flex wp-container-core-columns-is-layout-28f84493 wp-block-columns-is-layout-flex\">\n<div class=\"wp-block-column is-layout-flow wp-block-column-is-layout-flow\" style=\"flex-basis:33.33%\"><p class=\"fonts-plugin-block \" style=\"line-height: 1\"><em>Anticipation Point es un car\u00e1cter especulativo desarrollado por <a href=\"https:\/\/www.miacinelli.com\/Speculative-Characters\" target=\"_blank\" rel=\"noreferrer noopener\">la artista Mia Cinelli<\/a>, quien propone que las nuevos simbolos como este, inspirados en expresiones faciales, gestos con las manos y met\u00e1foras, podr\u00edan complementar nuestros tipos de letra existentes, intentando aprovechar las ricas complejidades de la escritura verbal (y no verbal). conversaci\u00f3n visible.<\/em><\/p><\/div>\n\n\n\n<div class=\"wp-block-column is-layout-flow wp-block-column-is-layout-flow\" style=\"flex-basis:66.66%\"><\/div>\n<\/div>\n<\/div>\n<\/div>\n<\/div>\n<\/div>\n\n\n\n<div class=\"wp-block-columns is-layout-flex wp-container-core-columns-is-layout-28f84493 wp-block-columns-is-layout-flex\">\n<div class=\"wp-block-column is-layout-flow wp-block-column-is-layout-flow\" style=\"flex-basis:33.33%\"><h4 class=\"fonts-plugin-block \" style=\"font-family: consolas;font-size: 21px;line-height: 1;text-align: right\">El dise\u00f1o y las animaciones del sitio web han sido creados por Tatiana Zakharova-Goodman.<br>\u00a0<br>Los dibujos especulativos que aparecen en el sitio son de <strong>Teresa Humphrey<\/strong>, <strong>Valeria Le\u00f3n <\/strong>y <strong>Tatiana Zakharova-Goodman<\/strong>. <\/h4>\n\n\n<div style=\"height:61px\" aria-hidden=\"true\" class=\"wp-block-spacer\"><\/div>\n\n\n\n<div class=\"wp-block-columns is-layout-flex wp-container-core-columns-is-layout-28f84493 wp-block-columns-is-layout-flex\">\n<div class=\"wp-block-column is-layout-flow wp-block-column-is-layout-flow\" style=\"flex-basis:33.33%\"><\/div>\n\n\n\n<div class=\"wp-block-column is-layout-flow wp-block-column-is-layout-flow\" style=\"flex-basis:66.66%\"><div class=\"wp-block-image\">\n<figure class=\"aligncenter size-large is-resized\"><img loading=\"lazy\" decoding=\"async\" src=\"https:\/\/viraltimes.climateactionchildhood.net\/wp-content\/uploads\/sites\/16\/2022\/07\/zoom-portrait-2022.3-copy-1024x884.png\" alt=\"\" class=\"wp-image-7564\" width=\"201\" height=\"173\" srcset=\"https:\/\/viraltimes.climateactionchildhood.net\/wp-content\/uploads\/sites\/16\/2022\/07\/zoom-portrait-2022.3-copy-1024x884.png 1024w, https:\/\/viraltimes.climateactionchildhood.net\/wp-content\/uploads\/sites\/16\/2022\/07\/zoom-portrait-2022.3-copy-300x259.png 300w, https:\/\/viraltimes.climateactionchildhood.net\/wp-content\/uploads\/sites\/16\/2022\/07\/zoom-portrait-2022.3-copy-768x663.png 768w, https:\/\/viraltimes.climateactionchildhood.net\/wp-content\/uploads\/sites\/16\/2022\/07\/zoom-portrait-2022.3-copy-1536x1325.png 1536w, https:\/\/viraltimes.climateactionchildhood.net\/wp-content\/uploads\/sites\/16\/2022\/07\/zoom-portrait-2022.3-copy-500x431.png 500w, https:\/\/viraltimes.climateactionchildhood.net\/wp-content\/uploads\/sites\/16\/2022\/07\/zoom-portrait-2022.3-copy-800x690.png 800w, https:\/\/viraltimes.climateactionchildhood.net\/wp-content\/uploads\/sites\/16\/2022\/07\/zoom-portrait-2022.3-copy-1280x1105.png 1280w, https:\/\/viraltimes.climateactionchildhood.net\/wp-content\/uploads\/sites\/16\/2022\/07\/zoom-portrait-2022.3-copy-1140x984.png 1140w, https:\/\/viraltimes.climateactionchildhood.net\/wp-content\/uploads\/sites\/16\/2022\/07\/zoom-portrait-2022.3-copy.png 1576w\" sizes=\"auto, (max-width: 201px) 100vw, 201px\" \/><figcaption>Tatiana, MLA, est\u00e1 cursando un doctorado en la Facultad de Educaci\u00f3n de Western University bajo la supervisi\u00f3n de la Dra. Pacini-Ketchabaw. Tambi\u00e9n es dise\u00f1adora en Earthscape Play, donde se enfoca en el desarrollo e investigaci\u00f3n de conceptos de parques infantiles. Acad\u00e9micamente, Tatiana piensa en la intersecci\u00f3n de la pedagog\u00eda y la arquitectura paisajista, mientras trabaja para volver a imaginar el juego en sinton\u00eda con las relaciones como mundo y juego\/tierra como potencialidades. Su investigaci\u00f3n teoriza los espacios al aire libre de los ni\u00f1os como pol\u00e9micos, desiguales y siempre pol\u00edticos.<\/figcaption><\/figure>\n<\/div>\n\n\n<div style=\"height:61px\" aria-hidden=\"true\" class=\"wp-block-spacer\"><\/div>\n\n\n<div class=\"wp-block-image\">\n<figure class=\"aligncenter size-full is-resized\"><img loading=\"lazy\" decoding=\"async\" src=\"https:\/\/viraltimes.climateactionchildhood.net\/wp-content\/uploads\/sites\/16\/2022\/06\/Teresa-Humphrey_portrait.png\" alt=\"\" class=\"wp-image-7285\" width=\"186\" height=\"186\" srcset=\"https:\/\/viraltimes.climateactionchildhood.net\/wp-content\/uploads\/sites\/16\/2022\/06\/Teresa-Humphrey_portrait.png 590w, https:\/\/viraltimes.climateactionchildhood.net\/wp-content\/uploads\/sites\/16\/2022\/06\/Teresa-Humphrey_portrait-298x300.png 298w, https:\/\/viraltimes.climateactionchildhood.net\/wp-content\/uploads\/sites\/16\/2022\/06\/Teresa-Humphrey_portrait-150x150.png 150w, https:\/\/viraltimes.climateactionchildhood.net\/wp-content\/uploads\/sites\/16\/2022\/06\/Teresa-Humphrey_portrait-500x503.png 500w, https:\/\/viraltimes.climateactionchildhood.net\/wp-content\/uploads\/sites\/16\/2022\/06\/Teresa-Humphrey_portrait-300x300.png 300w, https:\/\/viraltimes.climateactionchildhood.net\/wp-content\/uploads\/sites\/16\/2022\/06\/Teresa-Humphrey_portrait-75x75.png 75w\" sizes=\"auto, (max-width: 186px) 100vw, 186px\" \/><figcaption>Teresa Humphrey es estudiante de doctorado en la Facultad de Educaci\u00f3n de la Universidad de York. Ingresa a este nuevo rol cargando experiencias como maestra de jard\u00edn de infantes, donde el patio de la escuela era un lugar situado para el replanteamiento colectivo, y donde se cuestionaba lo que se valoraba como aprendizaje. Su trabajo pedag\u00f3gico lidia con qu\u00e9 m\u00e1s podr\u00eda importar cuando se valoran las posibilidades de participaci\u00f3n, y qu\u00e9 m\u00e1s podr\u00eda ser posible si se incluyen otros puntos de vista, incluidas las sinton\u00edas con lo m\u00e1s que humano. Teresa ha desarrollado una pr\u00e1ctica de visitas regulares al \u00e1rea de la cuenca del rio donde vive, creando asi una relaci\u00f3n intencionalmente atendida. A trav\u00e9s de la fotograf\u00eda y el dibujo, ha comenzado a seguir historias reales o imaginarias de la vida m\u00e1s all\u00e1 de las narrativas de la naturaleza rural y colonial, para asi imaginar historias, presencias y futuros&nbsp; que son pasados \u200b\u200bpor alto.<\/figcaption><\/figure>\n<\/div>\n\n\n<div style=\"height:54px\" aria-hidden=\"true\" class=\"wp-block-spacer\"><\/div>\n\n\n\n<figure class=\"wp-block-image size-full\"><img loading=\"lazy\" decoding=\"async\" width=\"789\" height=\"777\" src=\"https:\/\/viraltimes.climateactionchildhood.net\/wp-content\/uploads\/sites\/16\/2022\/07\/Valeria-Leo\u0301n-1.jpg\" alt=\"\" class=\"wp-image-7974\" srcset=\"https:\/\/viraltimes.climateactionchildhood.net\/wp-content\/uploads\/sites\/16\/2022\/07\/Valeria-Leo\u0301n-1.jpg 789w, https:\/\/viraltimes.climateactionchildhood.net\/wp-content\/uploads\/sites\/16\/2022\/07\/Valeria-Leo\u0301n-1-300x295.jpg 300w, https:\/\/viraltimes.climateactionchildhood.net\/wp-content\/uploads\/sites\/16\/2022\/07\/Valeria-Leo\u0301n-1-768x756.jpg 768w, https:\/\/viraltimes.climateactionchildhood.net\/wp-content\/uploads\/sites\/16\/2022\/07\/Valeria-Leo\u0301n-1-500x492.jpg 500w, https:\/\/viraltimes.climateactionchildhood.net\/wp-content\/uploads\/sites\/16\/2022\/07\/Valeria-Leo\u0301n-1-75x75.jpg 75w\" sizes=\"auto, (max-width: 789px) 100vw, 789px\" \/><figcaption>Clara Valeria Le\u00f3n Guti\u00e9rrez artista cuencana, dedicada a<br>la ilustraci\u00f3n y arte relacional. Trabaja el arte y la<br>investigaci\u00f3n como medio de desarrollo en comunidades,<br>creando soportes ecol\u00f3gicos con fines art\u00edsticos, usando<br>material reciclados, in situ y org\u00e1nico. As\u00ed creando nuevos<br>di\u00e1logos con el arte.<\/figcaption><\/figure>\n<\/div>\n<\/div>\n\n\n\n<div style=\"height:43px\" aria-hidden=\"true\" class=\"wp-block-spacer\"><\/div>\n\n\n<p class=\"fonts-plugin-block \" style=\"text-align: right\"><\/p><\/div>\n\n\n\n<div class=\"wp-block-column is-layout-flow wp-block-column-is-layout-flow\" style=\"flex-basis:66.66%\">\n<div class=\"wp-block-columns is-layout-flex wp-container-core-columns-is-layout-28f84493 wp-block-columns-is-layout-flex\">\n<div class=\"wp-block-column is-layout-flow wp-block-column-is-layout-flow\" style=\"flex-basis:33.33%\"><\/div>\n\n\n\n<div class=\"wp-block-column is-layout-flow wp-block-column-is-layout-flow\" style=\"flex-basis:66.66%\">\n<figure class=\"wp-block-image size-large\"><img loading=\"lazy\" decoding=\"async\" width=\"1024\" height=\"221\" src=\"https:\/\/viraltimes.climateactionchildhood.net\/wp-content\/uploads\/sites\/16\/2022\/06\/brooms2-combined-1024x221.jpg\" alt=\"\" class=\"wp-image-7341\" srcset=\"https:\/\/viraltimes.climateactionchildhood.net\/wp-content\/uploads\/sites\/16\/2022\/06\/brooms2-combined-1024x221.jpg 1024w, https:\/\/viraltimes.climateactionchildhood.net\/wp-content\/uploads\/sites\/16\/2022\/06\/brooms2-combined-300x65.jpg 300w, https:\/\/viraltimes.climateactionchildhood.net\/wp-content\/uploads\/sites\/16\/2022\/06\/brooms2-combined-768x166.jpg 768w, https:\/\/viraltimes.climateactionchildhood.net\/wp-content\/uploads\/sites\/16\/2022\/06\/brooms2-combined-1536x331.jpg 1536w, https:\/\/viraltimes.climateactionchildhood.net\/wp-content\/uploads\/sites\/16\/2022\/06\/brooms2-combined-2048x442.jpg 2048w, https:\/\/viraltimes.climateactionchildhood.net\/wp-content\/uploads\/sites\/16\/2022\/06\/brooms2-combined-500x108.jpg 500w, https:\/\/viraltimes.climateactionchildhood.net\/wp-content\/uploads\/sites\/16\/2022\/06\/brooms2-combined-800x172.jpg 800w, https:\/\/viraltimes.climateactionchildhood.net\/wp-content\/uploads\/sites\/16\/2022\/06\/brooms2-combined-1280x276.jpg 1280w, https:\/\/viraltimes.climateactionchildhood.net\/wp-content\/uploads\/sites\/16\/2022\/06\/brooms2-combined-1920x414.jpg 1920w, https:\/\/viraltimes.climateactionchildhood.net\/wp-content\/uploads\/sites\/16\/2022\/06\/brooms2-combined-1140x246.jpg 1140w\" sizes=\"auto, (max-width: 1024px) 100vw, 1024px\" \/><\/figure>\n<\/div>\n<\/div>\n\n\n\n<figure class=\"wp-block-image size-large\"><img loading=\"lazy\" decoding=\"async\" width=\"1024\" height=\"706\" src=\"https:\/\/viraltimes.climateactionchildhood.net\/wp-content\/uploads\/sites\/16\/2022\/05\/El-Tejar-Spec-04-1024x706.jpg\" alt=\"\" class=\"wp-image-7027\" srcset=\"https:\/\/viraltimes.climateactionchildhood.net\/wp-content\/uploads\/sites\/16\/2022\/05\/El-Tejar-Spec-04-1024x706.jpg 1024w, https:\/\/viraltimes.climateactionchildhood.net\/wp-content\/uploads\/sites\/16\/2022\/05\/El-Tejar-Spec-04-300x207.jpg 300w, https:\/\/viraltimes.climateactionchildhood.net\/wp-content\/uploads\/sites\/16\/2022\/05\/El-Tejar-Spec-04-768x529.jpg 768w, https:\/\/viraltimes.climateactionchildhood.net\/wp-content\/uploads\/sites\/16\/2022\/05\/El-Tejar-Spec-04-1536x1058.jpg 1536w, https:\/\/viraltimes.climateactionchildhood.net\/wp-content\/uploads\/sites\/16\/2022\/05\/El-Tejar-Spec-04-2048x1411.jpg 2048w, https:\/\/viraltimes.climateactionchildhood.net\/wp-content\/uploads\/sites\/16\/2022\/05\/El-Tejar-Spec-04-500x345.jpg 500w, https:\/\/viraltimes.climateactionchildhood.net\/wp-content\/uploads\/sites\/16\/2022\/05\/El-Tejar-Spec-04-800x551.jpg 800w, https:\/\/viraltimes.climateactionchildhood.net\/wp-content\/uploads\/sites\/16\/2022\/05\/El-Tejar-Spec-04-1280x882.jpg 1280w, https:\/\/viraltimes.climateactionchildhood.net\/wp-content\/uploads\/sites\/16\/2022\/05\/El-Tejar-Spec-04-1920x1323.jpg 1920w, https:\/\/viraltimes.climateactionchildhood.net\/wp-content\/uploads\/sites\/16\/2022\/05\/El-Tejar-Spec-04-1140x785.jpg 1140w\" sizes=\"auto, (max-width: 1024px) 100vw, 1024px\" \/><\/figure>\n\n\n\n<div class=\"wp-block-columns is-layout-flex wp-container-core-columns-is-layout-28f84493 wp-block-columns-is-layout-flex\">\n<div class=\"wp-block-column is-layout-flow wp-block-column-is-layout-flow\">\n<figure class=\"wp-block-image size-large\"><img loading=\"lazy\" decoding=\"async\" width=\"987\" height=\"1024\" src=\"https:\/\/viraltimes.climateactionchildhood.net\/wp-content\/uploads\/sites\/16\/2022\/05\/El-Tejar-Spec-05-1-987x1024.jpg\" alt=\"\" class=\"wp-image-7026\" srcset=\"https:\/\/viraltimes.climateactionchildhood.net\/wp-content\/uploads\/sites\/16\/2022\/05\/El-Tejar-Spec-05-1-987x1024.jpg 987w, https:\/\/viraltimes.climateactionchildhood.net\/wp-content\/uploads\/sites\/16\/2022\/05\/El-Tejar-Spec-05-1-289x300.jpg 289w, https:\/\/viraltimes.climateactionchildhood.net\/wp-content\/uploads\/sites\/16\/2022\/05\/El-Tejar-Spec-05-1-768x797.jpg 768w, https:\/\/viraltimes.climateactionchildhood.net\/wp-content\/uploads\/sites\/16\/2022\/05\/El-Tejar-Spec-05-1-1481x1536.jpg 1481w, https:\/\/viraltimes.climateactionchildhood.net\/wp-content\/uploads\/sites\/16\/2022\/05\/El-Tejar-Spec-05-1-500x519.jpg 500w, https:\/\/viraltimes.climateactionchildhood.net\/wp-content\/uploads\/sites\/16\/2022\/05\/El-Tejar-Spec-05-1-800x830.jpg 800w, https:\/\/viraltimes.climateactionchildhood.net\/wp-content\/uploads\/sites\/16\/2022\/05\/El-Tejar-Spec-05-1-1280x1328.jpg 1280w, https:\/\/viraltimes.climateactionchildhood.net\/wp-content\/uploads\/sites\/16\/2022\/05\/El-Tejar-Spec-05-1-1140x1182.jpg 1140w, https:\/\/viraltimes.climateactionchildhood.net\/wp-content\/uploads\/sites\/16\/2022\/05\/El-Tejar-Spec-05-1.jpg 1747w\" sizes=\"auto, (max-width: 987px) 100vw, 987px\" \/><\/figure>\n<\/div>\n\n\n\n<div class=\"wp-block-column is-layout-flow wp-block-column-is-layout-flow\">\n<figure class=\"wp-block-image size-full\"><img loading=\"lazy\" decoding=\"async\" width=\"350\" height=\"385\" src=\"https:\/\/viraltimes.climateactionchildhood.net\/wp-content\/uploads\/sites\/16\/2022\/04\/Drawing-14-Spiral_GIF.gif\" alt=\"\" class=\"wp-image-5077\"\/><\/figure>\n<\/div>\n<\/div>\n\n\n\n<figure class=\"wp-block-image size-full is-resized\"><img decoding=\"async\" src=\"https:\/\/viraltimes.climateactionchildhood.net\/wp-content\/uploads\/sites\/16\/2022\/06\/speculative1_butterfly.jpg\" alt=\"\" class=\"wp-image-7316\" width=\"800\" srcset=\"https:\/\/viraltimes.climateactionchildhood.net\/wp-content\/uploads\/sites\/16\/2022\/06\/speculative1_butterfly.jpg 612w, https:\/\/viraltimes.climateactionchildhood.net\/wp-content\/uploads\/sites\/16\/2022\/06\/speculative1_butterfly-247x300.jpg 247w, https:\/\/viraltimes.climateactionchildhood.net\/wp-content\/uploads\/sites\/16\/2022\/06\/speculative1_butterfly-500x606.jpg 500w\" sizes=\"(max-width: 612px) 100vw, 612px\" \/><\/figure>\n\n\n\n<div class=\"wp-block-columns is-layout-flex wp-container-core-columns-is-layout-28f84493 wp-block-columns-is-layout-flex\">\n<div class=\"wp-block-column is-layout-flow wp-block-column-is-layout-flow\">\n<figure class=\"wp-block-image size-full\"><img loading=\"lazy\" decoding=\"async\" width=\"792\" height=\"625\" src=\"https:\/\/viraltimes.climateactionchildhood.net\/wp-content\/uploads\/sites\/16\/2022\/06\/specualtive2_flowers.jpg\" alt=\"\" class=\"wp-image-7323\" srcset=\"https:\/\/viraltimes.climateactionchildhood.net\/wp-content\/uploads\/sites\/16\/2022\/06\/specualtive2_flowers.jpg 792w, https:\/\/viraltimes.climateactionchildhood.net\/wp-content\/uploads\/sites\/16\/2022\/06\/specualtive2_flowers-300x237.jpg 300w, https:\/\/viraltimes.climateactionchildhood.net\/wp-content\/uploads\/sites\/16\/2022\/06\/specualtive2_flowers-768x606.jpg 768w, https:\/\/viraltimes.climateactionchildhood.net\/wp-content\/uploads\/sites\/16\/2022\/06\/specualtive2_flowers-500x395.jpg 500w\" sizes=\"auto, (max-width: 792px) 100vw, 792px\" \/><\/figure>\n<\/div>\n\n\n\n<div class=\"wp-block-column is-vertically-aligned-top is-layout-flow wp-block-column-is-layout-flow\">\n<div style=\"height:20px\" aria-hidden=\"true\" class=\"wp-block-spacer\"><\/div>\n\n\n\n<figure class=\"wp-block-image size-full\"><img loading=\"lazy\" decoding=\"async\" width=\"792\" height=\"496\" src=\"https:\/\/viraltimes.climateactionchildhood.net\/wp-content\/uploads\/sites\/16\/2022\/06\/speculative7_underneath.jpg\" alt=\"\" class=\"wp-image-7303\" srcset=\"https:\/\/viraltimes.climateactionchildhood.net\/wp-content\/uploads\/sites\/16\/2022\/06\/speculative7_underneath.jpg 792w, https:\/\/viraltimes.climateactionchildhood.net\/wp-content\/uploads\/sites\/16\/2022\/06\/speculative7_underneath-300x188.jpg 300w, https:\/\/viraltimes.climateactionchildhood.net\/wp-content\/uploads\/sites\/16\/2022\/06\/speculative7_underneath-768x481.jpg 768w, https:\/\/viraltimes.climateactionchildhood.net\/wp-content\/uploads\/sites\/16\/2022\/06\/speculative7_underneath-500x313.jpg 500w\" sizes=\"auto, (max-width: 792px) 100vw, 792px\" \/><\/figure>\n<\/div>\n<\/div>\n\n\n\n<figure class=\"wp-block-image size-full\"><img loading=\"lazy\" decoding=\"async\" width=\"635\" height=\"556\" src=\"https:\/\/viraltimes.climateactionchildhood.net\/wp-content\/uploads\/sites\/16\/2022\/07\/Valeria-Leo\u0301n2-1.jpg\" alt=\"\" class=\"wp-image-7976\" srcset=\"https:\/\/viraltimes.climateactionchildhood.net\/wp-content\/uploads\/sites\/16\/2022\/07\/Valeria-Leo\u0301n2-1.jpg 635w, https:\/\/viraltimes.climateactionchildhood.net\/wp-content\/uploads\/sites\/16\/2022\/07\/Valeria-Leo\u0301n2-1-300x263.jpg 300w, https:\/\/viraltimes.climateactionchildhood.net\/wp-content\/uploads\/sites\/16\/2022\/07\/Valeria-Leo\u0301n2-1-500x438.jpg 500w\" sizes=\"auto, (max-width: 635px) 100vw, 635px\" \/><\/figure>\n<\/div>\n<\/div>\n\n\n<p class=\"fonts-plugin-block \"><br><a href=\"https:\/\/viraltimes.climateactionchildhood.net\/wp-content\/uploads\/sites\/16\/2022\/05\/El-Tejar-Spec-03-scaled.jpg\" rel=\"wpdevart_lightbox\"><\/a><br><br><br><\/p>\n\n\n<p> <\/p>\n","protected":false},"excerpt":{"rendered":"","protected":false},"author":2,"featured_media":0,"parent":165,"menu_order":3,"comment_status":"closed","ping_status":"closed","template":"","meta":{"_monsterinsights_skip_tracking":false,"_monsterinsights_sitenote_active":false,"_monsterinsights_sitenote_note":"","_monsterinsights_sitenote_category":0,"_vp_format_video_url":"","_vp_image_focal_point":[],"footnotes":""},"class_list":["post-7014","page","type-page","status-publish","hentry"],"_links":{"self":[{"href":"https:\/\/viraltimes.climateactionchildhood.net\/index.php\/wp-json\/wp\/v2\/pages\/7014","targetHints":{"allow":["GET"]}}],"collection":[{"href":"https:\/\/viraltimes.climateactionchildhood.net\/index.php\/wp-json\/wp\/v2\/pages"}],"about":[{"href":"https:\/\/viraltimes.climateactionchildhood.net\/index.php\/wp-json\/wp\/v2\/types\/page"}],"author":[{"embeddable":true,"href":"https:\/\/viraltimes.climateactionchildhood.net\/index.php\/wp-json\/wp\/v2\/users\/2"}],"replies":[{"embeddable":true,"href":"https:\/\/viraltimes.climateactionchildhood.net\/index.php\/wp-json\/wp\/v2\/comments?post=7014"}],"version-history":[{"count":9,"href":"https:\/\/viraltimes.climateactionchildhood.net\/index.php\/wp-json\/wp\/v2\/pages\/7014\/revisions"}],"predecessor-version":[{"id":7980,"href":"https:\/\/viraltimes.climateactionchildhood.net\/index.php\/wp-json\/wp\/v2\/pages\/7014\/revisions\/7980"}],"up":[{"embeddable":true,"href":"https:\/\/viraltimes.climateactionchildhood.net\/index.php\/wp-json\/wp\/v2\/pages\/165"}],"wp:attachment":[{"href":"https:\/\/viraltimes.climateactionchildhood.net\/index.php\/wp-json\/wp\/v2\/media?parent=7014"}],"curies":[{"name":"wp","href":"https:\/\/api.w.org\/{rel}","templated":true}]}}