{"id":5024,"date":"2022-04-10T17:45:45","date_gmt":"2022-04-10T17:45:45","guid":{"rendered":"http:\/\/viraltimes.climateactionchildhood.net\/?page_id=5024"},"modified":"2022-05-12T14:54:22","modified_gmt":"2022-05-12T14:54:22","slug":"dibujos","status":"publish","type":"page","link":"https:\/\/viraltimes.climateactionchildhood.net\/index.php\/es\/jardines\/puertas-del-sol-esp\/dibujos\/","title":{"rendered":"El dibujo de lxs ni\u00f1xs"},"content":{"rendered":"\n<div style=\"height:66px\" aria-hidden=\"true\" class=\"wp-block-spacer\"><\/div>\n\n\n\n<div class=\"wp-block-media-text alignwide is-stacked-on-mobile is-vertically-aligned-center has-background\" style=\"background-color:#f1f5c7\"><figure class=\"wp-block-media-text__media\"><img loading=\"lazy\" decoding=\"async\" width=\"1024\" height=\"715\" src=\"https:\/\/viraltimes.climateactionchildhood.net\/wp-content\/uploads\/sites\/16\/2022\/04\/drawing03-PNG-1-1024x715.png\" alt=\"\" class=\"wp-image-5085 size-full\" srcset=\"https:\/\/viraltimes.climateactionchildhood.net\/wp-content\/uploads\/sites\/16\/2022\/04\/drawing03-PNG-1-1024x715.png 1024w, https:\/\/viraltimes.climateactionchildhood.net\/wp-content\/uploads\/sites\/16\/2022\/04\/drawing03-PNG-1-300x210.png 300w, https:\/\/viraltimes.climateactionchildhood.net\/wp-content\/uploads\/sites\/16\/2022\/04\/drawing03-PNG-1-768x537.png 768w, https:\/\/viraltimes.climateactionchildhood.net\/wp-content\/uploads\/sites\/16\/2022\/04\/drawing03-PNG-1-500x349.png 500w, https:\/\/viraltimes.climateactionchildhood.net\/wp-content\/uploads\/sites\/16\/2022\/04\/drawing03-PNG-1-800x559.png 800w, https:\/\/viraltimes.climateactionchildhood.net\/wp-content\/uploads\/sites\/16\/2022\/04\/drawing03-PNG-1.png 1115w\" sizes=\"auto, (max-width: 1024px) 100vw, 1024px\" \/><\/figure><div class=\"wp-block-media-text__content\">\n<div class=\"wp-block-group\" style=\"padding-top:2em;padding-right:2em;padding-bottom:2em;padding-left:2em\"><div class=\"wp-block-group__inner-container is-layout-flow wp-block-group-is-layout-flow\">\n<p style=\"font-size:36px;line-height:1.2\"><strong><strong>El r\u00edo cambia. Cuando deja de sonar y su nivel de agua baja, surgen nuevas memorias y otras fluyen.<\/strong><\/strong><\/p>\n<\/div><\/div>\n<\/div><\/div>\n\n\n\n<div class=\"wp-block-media-text alignwide has-media-on-the-right is-stacked-on-mobile is-vertically-aligned-center has-background\" style=\"background-color:#fffdea\"><figure class=\"wp-block-media-text__media\"><img loading=\"lazy\" decoding=\"async\" width=\"768\" height=\"1024\" src=\"https:\/\/viraltimes.climateactionchildhood.net\/wp-content\/uploads\/sites\/16\/2022\/04\/drawing-04PNG.png\" alt=\"\" class=\"wp-image-5049 size-full\" srcset=\"https:\/\/viraltimes.climateactionchildhood.net\/wp-content\/uploads\/sites\/16\/2022\/04\/drawing-04PNG.png 768w, https:\/\/viraltimes.climateactionchildhood.net\/wp-content\/uploads\/sites\/16\/2022\/04\/drawing-04PNG-225x300.png 225w, https:\/\/viraltimes.climateactionchildhood.net\/wp-content\/uploads\/sites\/16\/2022\/04\/drawing-04PNG-500x667.png 500w\" sizes=\"auto, (max-width: 768px) 100vw, 768px\" \/><\/figure><div class=\"wp-block-media-text__content\">\n<div class=\"wp-block-group\" style=\"padding-top:2em;padding-right:2em;padding-bottom:2em;padding-left:2em\"><div class=\"wp-block-group__inner-container is-layout-flow wp-block-group-is-layout-flow\">\n<p style=\"font-size:36px;line-height:1.2\"><strong>Nos encontramos con una nueva forma de r\u00edo, con piedras que permanecen, ra\u00edces que se hacen m\u00e1s visibles y basura que se hace presente. \u00bfQu\u00e9 ha pasado con el agua, \u00bfa d\u00f3nde se fue?<\/strong><\/p>\n<\/div><\/div>\n<\/div><\/div>\n\n\n\n<div class=\"wp-block-columns is-layout-flex wp-container-core-columns-is-layout-28f84493 wp-block-columns-is-layout-flex\">\n<div class=\"wp-block-column is-layout-flow wp-block-column-is-layout-flow\"><\/div>\n\n\n\n<div class=\"wp-block-column is-layout-flow wp-block-column-is-layout-flow\"><\/div>\n<\/div>\n\n\n\n<div class=\"wp-block-media-text alignwide is-stacked-on-mobile is-vertically-aligned-center has-background\" style=\"background-color:#fffdea\"><figure class=\"wp-block-media-text__media\"><video controls src=\"https:\/\/viraltimes.climateactionchildhood.net\/wp-content\/uploads\/sites\/16\/2022\/04\/drawing2_video.mp4\"><\/video><\/figure><div class=\"wp-block-media-text__content\">\n<div class=\"wp-block-group\" style=\"padding-top:2em;padding-right:2em;padding-bottom:2em;padding-left:2em\"><div class=\"wp-block-group__inner-container is-layout-flow wp-block-group-is-layout-flow\">\n<p style=\"font-size:36px;line-height:1.2\"><strong>T\u00fa (el r\u00edo) est\u00e1s feliz, aunque a veces se hunden las casas por el agua<\/strong>.<\/p>\n\n\n\n<p class=\"has-extra-small-font-size\">\u2013 Miley<\/p>\n<\/div><\/div>\n<\/div><\/div>\n\n\n\n<div class=\"wp-block-media-text alignwide has-media-on-the-right is-stacked-on-mobile is-vertically-aligned-center has-cyan-bluish-gray-background-color has-background\"><figure class=\"wp-block-media-text__media\"><img loading=\"lazy\" decoding=\"async\" width=\"800\" height=\"549\" src=\"https:\/\/viraltimes.climateactionchildhood.net\/wp-content\/uploads\/sites\/16\/2022\/04\/drawing01-GIF.gif\" alt=\"\" class=\"wp-image-5037 size-full\"\/><\/figure><div class=\"wp-block-media-text__content\">\n<div class=\"wp-block-group\" style=\"padding-top:2em;padding-right:2em;padding-bottom:2em;padding-left:2em\"><div class=\"wp-block-group__inner-container is-layout-flow wp-block-group-is-layout-flow\">\n<p style=\"font-size:36px;line-height:1.2\"><strong>El agua est\u00e1 sostenida por las piedras, si no estuvieran se inundan las casas.<\/strong><\/p>\n\n\n\n<p class=\"has-extra-small-font-size\">\u2013 Felipe<\/p>\n<\/div><\/div>\n<\/div><\/div>\n\n\n\n<div class=\"wp-block-media-text alignwide is-stacked-on-mobile is-vertically-aligned-center has-background\" style=\"background-color:#f1f5c7\"><figure class=\"wp-block-media-text__media\"><img loading=\"lazy\" decoding=\"async\" width=\"708\" height=\"667\" src=\"https:\/\/viraltimes.climateactionchildhood.net\/wp-content\/uploads\/sites\/16\/2022\/04\/drawing-05-PNG.png\" alt=\"\" class=\"wp-image-5053 size-full\" srcset=\"https:\/\/viraltimes.climateactionchildhood.net\/wp-content\/uploads\/sites\/16\/2022\/04\/drawing-05-PNG.png 708w, https:\/\/viraltimes.climateactionchildhood.net\/wp-content\/uploads\/sites\/16\/2022\/04\/drawing-05-PNG-300x283.png 300w, https:\/\/viraltimes.climateactionchildhood.net\/wp-content\/uploads\/sites\/16\/2022\/04\/drawing-05-PNG-500x471.png 500w\" sizes=\"auto, (max-width: 708px) 100vw, 708px\" \/><\/figure><div class=\"wp-block-media-text__content\">\n<div class=\"wp-block-group\" style=\"padding-top:2em;padding-right:2em;padding-bottom:2em;padding-left:2em\"><div class=\"wp-block-group__inner-container is-layout-flow wp-block-group-is-layout-flow\">\n<p style=\"font-size:36px;line-height:1.2\"><strong>Somos t\u00fa y yo (Miley + Chichi) visitando a las piedras del r\u00edo.<\/strong><\/p>\n\n\n\n<p class=\"has-extra-small-font-size\">\u2013 Miley<\/p>\n<\/div><\/div>\n<\/div><\/div>\n\n\n\n<div style=\"height:22px\" aria-hidden=\"true\" class=\"wp-block-spacer\"><\/div>\n\n\n\n<div class=\"wp-block-media-text alignwide has-media-on-the-right is-stacked-on-mobile is-vertically-aligned-center has-background\" style=\"background-color:#fffdea\"><figure class=\"wp-block-media-text__media\"><video controls src=\"https:\/\/viraltimes.climateactionchildhood.net\/wp-content\/uploads\/sites\/16\/2022\/04\/drawing_river.mp4\"><\/video><\/figure><div class=\"wp-block-media-text__content\">\n<div class=\"wp-block-group\" style=\"padding-top:2em;padding-right:2em;padding-bottom:2em;padding-left:2em\"><div class=\"wp-block-group__inner-container is-layout-flow wp-block-group-is-layout-flow\">\n<p style=\"font-size:36px;line-height:1.2\"><strong>El r\u00edo est\u00e1 despierto porque ahora hace olas.<\/strong><\/p>\n\n\n\n<p class=\"has-extra-small-font-size\">\u2013 Galilea<\/p>\n<\/div><\/div>\n<\/div><\/div>\n\n\n\n<div style=\"height:22px\" aria-hidden=\"true\" class=\"wp-block-spacer\"><\/div>\n\n\n\n<div class=\"wp-block-media-text alignwide is-stacked-on-mobile is-vertically-aligned-center has-cyan-bluish-gray-background-color has-background\"><figure class=\"wp-block-media-text__media\"><img loading=\"lazy\" decoding=\"async\" width=\"834\" height=\"503\" src=\"https:\/\/viraltimes.climateactionchildhood.net\/wp-content\/uploads\/sites\/16\/2022\/04\/drawing-07-PNG.png\" alt=\"\" class=\"wp-image-5058 size-full\" srcset=\"https:\/\/viraltimes.climateactionchildhood.net\/wp-content\/uploads\/sites\/16\/2022\/04\/drawing-07-PNG.png 834w, https:\/\/viraltimes.climateactionchildhood.net\/wp-content\/uploads\/sites\/16\/2022\/04\/drawing-07-PNG-300x181.png 300w, https:\/\/viraltimes.climateactionchildhood.net\/wp-content\/uploads\/sites\/16\/2022\/04\/drawing-07-PNG-768x463.png 768w, https:\/\/viraltimes.climateactionchildhood.net\/wp-content\/uploads\/sites\/16\/2022\/04\/drawing-07-PNG-500x302.png 500w, https:\/\/viraltimes.climateactionchildhood.net\/wp-content\/uploads\/sites\/16\/2022\/04\/drawing-07-PNG-800x482.png 800w\" sizes=\"auto, (max-width: 834px) 100vw, 834px\" \/><\/figure><div class=\"wp-block-media-text__content\">\n<div class=\"wp-block-group\" style=\"padding-top:2em;padding-right:2em;padding-bottom:2em;padding-left:2em\"><div class=\"wp-block-group__inner-container is-layout-flow wp-block-group-is-layout-flow\">\n<p style=\"font-size:36px;line-height:1.2\"><strong>El agua todav\u00eda est\u00e1 abajo y no sube.<\/strong><\/p>\n\n\n\n<p class=\"has-extra-small-font-size\">\u2013 Sebasti\u00e1n<\/p>\n<\/div><\/div>\n<\/div><\/div>\n\n\n\n<div class=\"wp-block-media-text alignwide has-media-on-the-right is-stacked-on-mobile is-vertically-aligned-center has-background\" style=\"background-color:#f1f5c7\"><figure class=\"wp-block-media-text__media\"><img loading=\"lazy\" decoding=\"async\" width=\"900\" height=\"724\" src=\"https:\/\/viraltimes.climateactionchildhood.net\/wp-content\/uploads\/sites\/16\/2022\/04\/drawing-08-PNG.png\" alt=\"\" class=\"wp-image-5071 size-full\" srcset=\"https:\/\/viraltimes.climateactionchildhood.net\/wp-content\/uploads\/sites\/16\/2022\/04\/drawing-08-PNG.png 900w, https:\/\/viraltimes.climateactionchildhood.net\/wp-content\/uploads\/sites\/16\/2022\/04\/drawing-08-PNG-300x241.png 300w, https:\/\/viraltimes.climateactionchildhood.net\/wp-content\/uploads\/sites\/16\/2022\/04\/drawing-08-PNG-768x618.png 768w, https:\/\/viraltimes.climateactionchildhood.net\/wp-content\/uploads\/sites\/16\/2022\/04\/drawing-08-PNG-500x402.png 500w, https:\/\/viraltimes.climateactionchildhood.net\/wp-content\/uploads\/sites\/16\/2022\/04\/drawing-08-PNG-800x644.png 800w\" sizes=\"auto, (max-width: 900px) 100vw, 900px\" \/><\/figure><div class=\"wp-block-media-text__content\">\n<div class=\"wp-block-group\" style=\"padding-top:2em;padding-right:2em;padding-bottom:2em;padding-left:2em\"><div class=\"wp-block-group__inner-container is-layout-flow wp-block-group-is-layout-flow\">\n<p style=\"font-size:36px;line-height:1.2\"><strong>El r\u00edo me dice gracias por estar aqu\u00ed.<\/strong><\/p>\n\n\n\n<p class=\"has-extra-small-font-size\">\u2013 Felipe<\/p>\n<\/div><\/div>\n<\/div><\/div>\n\n\n\n<div style=\"height:24px\" aria-hidden=\"true\" class=\"wp-block-spacer\"><\/div>\n\n\n\n<div class=\"wp-block-media-text alignwide is-stacked-on-mobile is-vertically-aligned-center has-background\" style=\"background-color:#fffdea\"><figure class=\"wp-block-media-text__media\"><img loading=\"lazy\" decoding=\"async\" width=\"700\" height=\"484\" src=\"https:\/\/viraltimes.climateactionchildhood.net\/wp-content\/uploads\/sites\/16\/2022\/04\/drawing-10-PNG.png\" alt=\"\" class=\"wp-image-5072 size-full\" srcset=\"https:\/\/viraltimes.climateactionchildhood.net\/wp-content\/uploads\/sites\/16\/2022\/04\/drawing-10-PNG.png 700w, https:\/\/viraltimes.climateactionchildhood.net\/wp-content\/uploads\/sites\/16\/2022\/04\/drawing-10-PNG-300x207.png 300w, https:\/\/viraltimes.climateactionchildhood.net\/wp-content\/uploads\/sites\/16\/2022\/04\/drawing-10-PNG-500x346.png 500w\" sizes=\"auto, (max-width: 700px) 100vw, 700px\" \/><\/figure><div class=\"wp-block-media-text__content\">\n<div class=\"wp-block-group\" style=\"padding-top:2em;padding-right:2em;padding-bottom:2em;padding-left:2em\"><div class=\"wp-block-group__inner-container is-layout-flow wp-block-group-is-layout-flow\">\n<p style=\"font-size:36px;line-height:1.2\"><strong>La lluvia le moj\u00f3 al llano y al r\u00edo, y por eso hay agua de nuevo.<\/strong><\/p>\n\n\n\n<p class=\"has-extra-small-font-size\">\u2013 Moli\u00e8re<\/p>\n<\/div><\/div>\n<\/div><\/div>\n\n\n\n<div class=\"wp-block-media-text alignwide has-media-on-the-right is-stacked-on-mobile is-vertically-aligned-center has-background\" style=\"background-color:#f1f5c7\"><figure class=\"wp-block-media-text__media\"><img loading=\"lazy\" decoding=\"async\" width=\"400\" height=\"277\" src=\"https:\/\/viraltimes.climateactionchildhood.net\/wp-content\/uploads\/sites\/16\/2022\/04\/drawing06_rain_GIF.gif\" alt=\"\" class=\"wp-image-5073 size-full\"\/><\/figure><div class=\"wp-block-media-text__content\">\n<div class=\"wp-block-group\" style=\"padding-top:2em;padding-right:2em;padding-bottom:2em;padding-left:2em\"><div class=\"wp-block-group__inner-container is-layout-flow wp-block-group-is-layout-flow\">\n<p style=\"font-size:30px;line-height:1.2\"><strong>El viento le dijo a la lluvia que no es su amiga porque \u00e9l quer\u00eda agua, y la lluvia le dio m\u00e1s agua al r\u00edo y al llano.<\/strong><\/p>\n\n\n\n<p class=\"has-extra-small-font-size\">\u2013 Amelia<\/p>\n<\/div><\/div>\n<\/div><\/div>\n\n\n\n<div style=\"height:23px\" aria-hidden=\"true\" class=\"wp-block-spacer\"><\/div>\n\n\n\n<div class=\"wp-block-media-text alignwide is-stacked-on-mobile is-vertically-aligned-center has-cyan-bluish-gray-background-color has-background\"><figure class=\"wp-block-media-text__media\"><img loading=\"lazy\" decoding=\"async\" width=\"482\" height=\"252\" src=\"https:\/\/viraltimes.climateactionchildhood.net\/wp-content\/uploads\/sites\/16\/2022\/04\/drawing-11-PNG.png\" alt=\"\" class=\"wp-image-5074 size-full\" srcset=\"https:\/\/viraltimes.climateactionchildhood.net\/wp-content\/uploads\/sites\/16\/2022\/04\/drawing-11-PNG.png 482w, https:\/\/viraltimes.climateactionchildhood.net\/wp-content\/uploads\/sites\/16\/2022\/04\/drawing-11-PNG-300x157.png 300w\" sizes=\"auto, (max-width: 482px) 100vw, 482px\" \/><\/figure><div class=\"wp-block-media-text__content\">\n<div class=\"wp-block-group\" style=\"padding-top:2em;padding-right:2em;padding-bottom:2em;padding-left:2em\"><div class=\"wp-block-group__inner-container is-layout-flow wp-block-group-is-layout-flow\">\n<p style=\"font-size:36px;line-height:1.2\"><strong>El agua quiere volver.<\/strong><\/p>\n\n\n\n<p class=\"has-extra-small-font-size\">\u2013 Felipe<\/p>\n<\/div><\/div>\n<\/div><\/div>\n\n\n\n<div style=\"height:22px\" aria-hidden=\"true\" class=\"wp-block-spacer\"><\/div>\n\n\n\n<div class=\"wp-block-media-text alignwide has-media-on-the-right is-stacked-on-mobile is-vertically-aligned-center has-background\" style=\"background-color:#f1f5c7\"><figure class=\"wp-block-media-text__media\"><img loading=\"lazy\" decoding=\"async\" width=\"800\" height=\"580\" src=\"https:\/\/viraltimes.climateactionchildhood.net\/wp-content\/uploads\/sites\/16\/2022\/04\/drawing-12-PNG.png\" alt=\"\" class=\"wp-image-5075 size-full\" srcset=\"https:\/\/viraltimes.climateactionchildhood.net\/wp-content\/uploads\/sites\/16\/2022\/04\/drawing-12-PNG.png 800w, https:\/\/viraltimes.climateactionchildhood.net\/wp-content\/uploads\/sites\/16\/2022\/04\/drawing-12-PNG-300x218.png 300w, https:\/\/viraltimes.climateactionchildhood.net\/wp-content\/uploads\/sites\/16\/2022\/04\/drawing-12-PNG-768x557.png 768w, https:\/\/viraltimes.climateactionchildhood.net\/wp-content\/uploads\/sites\/16\/2022\/04\/drawing-12-PNG-500x363.png 500w\" sizes=\"auto, (max-width: 800px) 100vw, 800px\" \/><\/figure><div class=\"wp-block-media-text__content\">\n<div class=\"wp-block-group\" style=\"padding-top:2em;padding-right:2em;padding-bottom:2em;padding-left:2em\"><div class=\"wp-block-group__inner-container is-layout-flow wp-block-group-is-layout-flow\">\n<p style=\"font-size:36px;line-height:1.2\"><strong>Los remolinos del viento robaron el agua y ahora las piedras tiemblan de fr\u00edo, porque el agua era lo que les ten\u00eda calientitas.<\/strong><\/p>\n\n\n\n<p class=\"has-extra-small-font-size\">\u2013 Amelia<\/p>\n<\/div><\/div>\n<\/div><\/div>\n\n\n\n<div style=\"height:24px\" aria-hidden=\"true\" class=\"wp-block-spacer\"><\/div>\n\n\n\n<div class=\"wp-block-media-text alignwide is-stacked-on-mobile is-vertically-aligned-center has-background\" style=\"background-color:#fffdea\"><figure class=\"wp-block-media-text__media\"><img loading=\"lazy\" decoding=\"async\" width=\"700\" height=\"520\" src=\"https:\/\/viraltimes.climateactionchildhood.net\/wp-content\/uploads\/sites\/16\/2022\/04\/drawing13PNG.png\" alt=\"\" class=\"wp-image-5076 size-full\" srcset=\"https:\/\/viraltimes.climateactionchildhood.net\/wp-content\/uploads\/sites\/16\/2022\/04\/drawing13PNG.png 700w, https:\/\/viraltimes.climateactionchildhood.net\/wp-content\/uploads\/sites\/16\/2022\/04\/drawing13PNG-300x223.png 300w, https:\/\/viraltimes.climateactionchildhood.net\/wp-content\/uploads\/sites\/16\/2022\/04\/drawing13PNG-500x371.png 500w\" sizes=\"auto, (max-width: 700px) 100vw, 700px\" \/><\/figure><div class=\"wp-block-media-text__content\">\n<div class=\"wp-block-group\" style=\"padding-top:2em;padding-right:2em;padding-bottom:2em;padding-left:2em\"><div class=\"wp-block-group__inner-container is-layout-flow wp-block-group-is-layout-flow\">\n<p style=\"font-size:36px;line-height:1.2\"><strong>El r\u00edo le da la mitad de agua al viento para que tome y luego le devuelve.<\/strong><\/p>\n\n\n\n<p class=\"has-extra-small-font-size\">\u2013 Galilea<\/p>\n<\/div><\/div>\n<\/div><\/div>\n\n\n\n<div class=\"wp-block-media-text alignwide has-media-on-the-right is-stacked-on-mobile is-vertically-aligned-center has-background\" style=\"background-color:#fffdea\"><figure class=\"wp-block-media-text__media\"><img loading=\"lazy\" decoding=\"async\" width=\"350\" height=\"385\" src=\"https:\/\/viraltimes.climateactionchildhood.net\/wp-content\/uploads\/sites\/16\/2022\/04\/Drawing-14-Spiral_GIF.gif\" alt=\"\" class=\"wp-image-5077 size-full\"\/><\/figure><div class=\"wp-block-media-text__content\">\n<div class=\"wp-block-group\" style=\"padding-top:2em;padding-right:2em;padding-bottom:2em;padding-left:2em\"><div class=\"wp-block-group__inner-container is-layout-flow wp-block-group-is-layout-flow\">\n<p style=\"font-size:36px;line-height:1.2\"><strong>El agua se fue al Cajas.<\/strong><\/p>\n\n\n\n<p class=\"has-extra-small-font-size\">\u2013 Sebasti\u00e1n<\/p>\n<\/div><\/div>\n<\/div><\/div>\n\n\n\n<div style=\"height:31px\" aria-hidden=\"true\" class=\"wp-block-spacer\"><\/div>\n\n\n\n<div class=\"wp-block-columns is-layout-flex wp-container-core-columns-is-layout-28f84493 wp-block-columns-is-layout-flex\">\n<div class=\"wp-block-column is-layout-flow wp-block-column-is-layout-flow\" style=\"flex-basis:25%\"><\/div>\n\n\n\n<div class=\"wp-block-column is-layout-flow wp-block-column-is-layout-flow\" style=\"flex-basis:50%\">\n<div class=\"wp-block-buttons is-layout-flex wp-block-buttons-is-layout-flex\">\n<div class=\"wp-block-button aligncenter\"><a class=\"wp-block-button__link has-background\" href=\"https:\/\/viraltimes.climateactionchildhood.net\/index.php\/es\/jardines\/puertas-del-sol-esp\/#return_middle_spanish\" style=\"background:linear-gradient(135deg,rgb(238,231,208) 0%,rgb(148,148,148) 100%)\">Return to Puertas del So garden<\/a><\/div>\n<\/div>\n<\/div>\n\n\n\n<div class=\"wp-block-column is-layout-flow wp-block-column-is-layout-flow\" style=\"flex-basis:25%\"><\/div>\n<\/div>\n\n\n\n<div style=\"height:58px\" aria-hidden=\"true\" class=\"wp-block-spacer\"><\/div>\n","protected":false},"excerpt":{"rendered":"","protected":false},"author":2,"featured_media":0,"parent":1709,"menu_order":2,"comment_status":"closed","ping_status":"closed","template":"","meta":{"_monsterinsights_skip_tracking":false,"_monsterinsights_sitenote_active":false,"_monsterinsights_sitenote_note":"","_monsterinsights_sitenote_category":0,"_vp_format_video_url":"","_vp_image_focal_point":[],"footnotes":""},"class_list":["post-5024","page","type-page","status-publish","hentry"],"_links":{"self":[{"href":"https:\/\/viraltimes.climateactionchildhood.net\/index.php\/wp-json\/wp\/v2\/pages\/5024","targetHints":{"allow":["GET"]}}],"collection":[{"href":"https:\/\/viraltimes.climateactionchildhood.net\/index.php\/wp-json\/wp\/v2\/pages"}],"about":[{"href":"https:\/\/viraltimes.climateactionchildhood.net\/index.php\/wp-json\/wp\/v2\/types\/page"}],"author":[{"embeddable":true,"href":"https:\/\/viraltimes.climateactionchildhood.net\/index.php\/wp-json\/wp\/v2\/users\/2"}],"replies":[{"embeddable":true,"href":"https:\/\/viraltimes.climateactionchildhood.net\/index.php\/wp-json\/wp\/v2\/comments?post=5024"}],"version-history":[{"count":6,"href":"https:\/\/viraltimes.climateactionchildhood.net\/index.php\/wp-json\/wp\/v2\/pages\/5024\/revisions"}],"predecessor-version":[{"id":7119,"href":"https:\/\/viraltimes.climateactionchildhood.net\/index.php\/wp-json\/wp\/v2\/pages\/5024\/revisions\/7119"}],"up":[{"embeddable":true,"href":"https:\/\/viraltimes.climateactionchildhood.net\/index.php\/wp-json\/wp\/v2\/pages\/1709"}],"wp:attachment":[{"href":"https:\/\/viraltimes.climateactionchildhood.net\/index.php\/wp-json\/wp\/v2\/media?parent=5024"}],"curies":[{"name":"wp","href":"https:\/\/api.w.org\/{rel}","templated":true}]}}