{"id":1724,"date":"2021-12-23T16:29:53","date_gmt":"2021-12-23T16:29:53","guid":{"rendered":"http:\/\/viraltimes.climateactionchildhood.net\/?page_id=1724"},"modified":"2022-07-17T20:52:59","modified_gmt":"2022-07-17T20:52:59","slug":"el-vergel-esp","status":"publish","type":"page","link":"https:\/\/viraltimes.climateactionchildhood.net\/index.php\/es\/jardines\/el-vergel-esp\/","title":{"rendered":"El Vergel"},"content":{"rendered":"\n<div class=\"wp-block-columns is-layout-flex wp-container-core-columns-is-layout-28f84493 wp-block-columns-is-layout-flex\">\n<div class=\"wp-block-column is-layout-flow wp-block-column-is-layout-flow\" style=\"flex-basis:33.33%\">\n<div style=\"height:266px\" aria-hidden=\"true\" class=\"wp-block-spacer\"><\/div>\n<\/div>\n\n\n\n<div class=\"wp-block-column is-layout-flow wp-block-column-is-layout-flow\" style=\"flex-basis:66.66%\">\n<div style=\"height:18px\" aria-hidden=\"true\" class=\"wp-block-spacer\"><\/div>\n\n\n<h6 class=\"fonts-plugin-block \" style=\"font-size: 13px;text-align: right\">Educadora: Valeria Le\u00f3n<br>Ni\u00f1os y ni\u00f1as: Mar\u00eda Victoria, Manuela, Emilio, Gustavo, Tom\u00e1s, Mateo, y Luciana<\/h6>\n\n\n<div style=\"height:33px\" aria-hidden=\"true\" class=\"wp-block-spacer\"><\/div>\n\n\n\n<div class=\"wp-block-columns is-layout-flex wp-container-core-columns-is-layout-28f84493 wp-block-columns-is-layout-flex\">\n<div class=\"wp-block-column is-layout-flow wp-block-column-is-layout-flow\" style=\"flex-basis:66.66%\">\n<h6 class=\"wp-block-heading\">Al margen derecho del Tomebamba, al pie del Palacio de Huayna C\u00e1pac en el sector de &#8220;Pumapungo&#8221; se encuentra el Barrio del Vergel. El vergel contiene la memoria tangible de un espacio de intercambio y encuentro que siempre ha caracterizado lo que hoy llamamos Cuenca.<\/h6>\n<\/div>\n\n\n\n<div class=\"wp-block-column is-layout-flow wp-block-column-is-layout-flow\" style=\"flex-basis:33.33%\"><\/div>\n<\/div>\n\n\n\n<h6 class=\"wp-block-heading\">En el Vergel se encuentran ruinas incasicas, ca\u00f1aris y coloniales, representando el entramado que crean los Andes. Este barrio tambi\u00e9n es conocido tradicionalmente como el barrio de las Herrer\u00edas, que a\u00fan conserva sus tradicionales talleres de artesanos de hierro. En el tiempo de la colonia por all\u00ed transitaban mulas de carga con sus patas estigmatizadas por los herreros, mientras la gente cabalgaba recorriendo la ciudad.&nbsp; En la actualidad este peque\u00f1o rinc\u00f3n cuencano abraza lo pasado y lo moderno, en cuyos espacios surgen y se levantan herreros que sobreviven a las formas modernas de producci\u00f3n.<\/h6>\n\n\n\n<div style=\"height:8px\" aria-hidden=\"true\" class=\"wp-block-spacer\"><\/div>\n\n\n\n<div class=\"wp-block-cover is-light\" style=\"min-height:295px;aspect-ratio:unset;\"><span aria-hidden=\"true\" class=\"wp-block-cover__background has-black-background-color has-background-dim-30 has-background-dim\"><\/span><img loading=\"lazy\" decoding=\"async\" width=\"774\" height=\"1032\" class=\"wp-block-cover__image-background wp-image-5987\" alt=\"\" src=\"https:\/\/viraltimes.climateactionchildhood.net\/wp-content\/uploads\/sites\/16\/2022\/05\/001.jpeg\" data-object-fit=\"cover\" srcset=\"https:\/\/viraltimes.climateactionchildhood.net\/wp-content\/uploads\/sites\/16\/2022\/05\/001.jpeg 774w, https:\/\/viraltimes.climateactionchildhood.net\/wp-content\/uploads\/sites\/16\/2022\/05\/001-225x300.jpeg 225w, https:\/\/viraltimes.climateactionchildhood.net\/wp-content\/uploads\/sites\/16\/2022\/05\/001-768x1024.jpeg 768w, https:\/\/viraltimes.climateactionchildhood.net\/wp-content\/uploads\/sites\/16\/2022\/05\/001-500x667.jpeg 500w\" sizes=\"auto, (max-width: 774px) 100vw, 774px\" \/><div class=\"wp-block-cover__inner-container is-layout-flow wp-block-cover-is-layout-flow\">\n<p class=\"has-text-align-center has-large-font-size\"><\/p>\n\n\n<h1 class=\"fonts-plugin-block \" style=\"font-size: 40px;line-height: 1;text-align: center;color: #ffffff\">visitar <a href=\"https:\/\/viraltimes.climateactionchildhood.net\/index.php\/es\/jardines\/el-vergel-esp\/vasija-de-barro\/\"><strong>Vasija de Barro<\/strong><\/a><\/h1><\/div><\/div>\n\n\n\n<div style=\"height:12px\" aria-hidden=\"true\" class=\"wp-block-spacer\"><\/div>\n\n\n\n<div class=\"wp-block-cover is-light\" style=\"min-height:278px;aspect-ratio:unset;\"><span aria-hidden=\"true\" class=\"wp-block-cover__background has-background-dim\"><\/span><img loading=\"lazy\" decoding=\"async\" width=\"774\" height=\"1032\" class=\"wp-block-cover__image-background wp-image-5988\" alt=\"\" src=\"https:\/\/viraltimes.climateactionchildhood.net\/wp-content\/uploads\/sites\/16\/2022\/05\/Diapositiva42-copy.jpg\" data-object-fit=\"cover\" srcset=\"https:\/\/viraltimes.climateactionchildhood.net\/wp-content\/uploads\/sites\/16\/2022\/05\/Diapositiva42-copy.jpg 774w, https:\/\/viraltimes.climateactionchildhood.net\/wp-content\/uploads\/sites\/16\/2022\/05\/Diapositiva42-copy-225x300.jpg 225w, https:\/\/viraltimes.climateactionchildhood.net\/wp-content\/uploads\/sites\/16\/2022\/05\/Diapositiva42-copy-768x1024.jpg 768w, https:\/\/viraltimes.climateactionchildhood.net\/wp-content\/uploads\/sites\/16\/2022\/05\/Diapositiva42-copy-500x667.jpg 500w\" sizes=\"auto, (max-width: 774px) 100vw, 774px\" \/><div class=\"wp-block-cover__inner-container is-layout-flow wp-block-cover-is-layout-flow\">\n<p class=\"has-text-align-center has-large-font-size\"><\/p>\n\n\n<h1 class=\"fonts-plugin-block \" style=\"font-size: 40px;line-height: 1;text-align: center;color: #ffffff\">visitar <strong><a href=\"https:\/\/viraltimes.climateactionchildhood.net\/index.php\/es\/jardines\/el-vergel-esp\/contenedor-de-vida\/\">Contenedor de Vida<\/a><\/strong><\/h1><\/div><\/div>\n\n\n\n<div style=\"height:8px\" aria-hidden=\"true\" class=\"wp-block-spacer\"><\/div>\n<\/div>\n<\/div>\n\n\n<div class=\"wp-block-image\">\n<figure class=\"alignright size-full is-resized\"><img loading=\"lazy\" decoding=\"async\" src=\"https:\/\/viraltimes.climateactionchildhood.net\/wp-content\/uploads\/sites\/16\/2021\/12\/Clay-Body-06-copy.png\" alt=\"\" class=\"wp-image-1820\" width=\"1200\" height=\"630\"\/><\/figure>\n<\/div>\n\n\n<div class=\"wp-block-columns is-layout-flex wp-container-core-columns-is-layout-28f84493 wp-block-columns-is-layout-flex\">\n<div class=\"wp-block-column is-layout-flow wp-block-column-is-layout-flow\" style=\"flex-basis:33.33%\"><\/div>\n\n\n\n<div class=\"wp-block-column is-layout-flow wp-block-column-is-layout-flow\" style=\"flex-basis:66.66%\"><\/div>\n<\/div>\n\n\n\n<div class=\"wp-block-columns is-layout-flex wp-container-core-columns-is-layout-28f84493 wp-block-columns-is-layout-flex\">\n<div class=\"wp-block-column is-layout-flow wp-block-column-is-layout-flow\">\n<div style=\"height:30px\" aria-hidden=\"true\" class=\"wp-block-spacer\"><\/div>\n<\/div>\n<\/div>\n","protected":false},"excerpt":{"rendered":"<p>Al margen derecho del Tomebamba, al pie del Palacio de Huayna C\u00e1pac en el sector de &#8220;Pumapungo&#8221; se encuentra el Barrio del Vergel. El vergel contiene la memoria tangible de un espacio de intercambio y encuentro que siempre ha caracterizado lo que hoy llamamos Cuenca. En el Vergel se encuentran ruinas incasicas, ca\u00f1aris y coloniales, representando el entramado que crean los Andes. Este barrio tambi\u00e9n es conocido tradicionalmente como el barrio de las Herrer\u00edas, que a\u00fan conserva sus tradicionales talleres de artesanos de hierro. En el tiempo de la colonia por all\u00ed transitaban mulas de carga con sus patas estigmatizadas por los herreros, mientras la gente cabalgaba recorriendo la ciudad.&nbsp; En la actualidad este peque\u00f1o rinc\u00f3n cuencano abraza lo pasado y lo moderno, en cuyos espacios surgen y se levantan herreros que sobreviven a las formas modernas de producci\u00f3n.<\/p>\n","protected":false},"author":2,"featured_media":0,"parent":152,"menu_order":9,"comment_status":"closed","ping_status":"closed","template":"","meta":{"_monsterinsights_skip_tracking":false,"_monsterinsights_sitenote_active":false,"_monsterinsights_sitenote_note":"","_monsterinsights_sitenote_category":0,"_vp_format_video_url":"","_vp_image_focal_point":[],"footnotes":""},"class_list":["post-1724","page","type-page","status-publish","hentry"],"_links":{"self":[{"href":"https:\/\/viraltimes.climateactionchildhood.net\/index.php\/wp-json\/wp\/v2\/pages\/1724","targetHints":{"allow":["GET"]}}],"collection":[{"href":"https:\/\/viraltimes.climateactionchildhood.net\/index.php\/wp-json\/wp\/v2\/pages"}],"about":[{"href":"https:\/\/viraltimes.climateactionchildhood.net\/index.php\/wp-json\/wp\/v2\/types\/page"}],"author":[{"embeddable":true,"href":"https:\/\/viraltimes.climateactionchildhood.net\/index.php\/wp-json\/wp\/v2\/users\/2"}],"replies":[{"embeddable":true,"href":"https:\/\/viraltimes.climateactionchildhood.net\/index.php\/wp-json\/wp\/v2\/comments?post=1724"}],"version-history":[{"count":10,"href":"https:\/\/viraltimes.climateactionchildhood.net\/index.php\/wp-json\/wp\/v2\/pages\/1724\/revisions"}],"predecessor-version":[{"id":7921,"href":"https:\/\/viraltimes.climateactionchildhood.net\/index.php\/wp-json\/wp\/v2\/pages\/1724\/revisions\/7921"}],"up":[{"embeddable":true,"href":"https:\/\/viraltimes.climateactionchildhood.net\/index.php\/wp-json\/wp\/v2\/pages\/152"}],"wp:attachment":[{"href":"https:\/\/viraltimes.climateactionchildhood.net\/index.php\/wp-json\/wp\/v2\/media?parent=1724"}],"curies":[{"name":"wp","href":"https:\/\/api.w.org\/{rel}","templated":true}]}}